{"id":32,"date":"2025-05-29T19:32:49","date_gmt":"2025-05-29T17:32:49","guid":{"rendered":"https:\/\/www.aluminiospvchilario.es\/?page_id=32"},"modified":"2026-04-10T02:34:13","modified_gmt":"2026-04-10T00:34:13","slug":"contacto","status":"publish","type":"page","link":"https:\/\/www.aluminiospvchilario.es\/en\/contacto\/","title":{"rendered":"Contacto"},"content":{"rendered":"\t\t<div data-elementor-type=\"wp-page\" data-elementor-id=\"32\" class=\"elementor elementor-32\" data-elementor-post-type=\"page\">\n\t\t\t\t<div class=\"elementor-element elementor-element-caae081 e-flex e-con-boxed e-con e-parent\" data-id=\"caae081\" data-element_type=\"container\" data-e-type=\"container\" data-settings=\"{&quot;background_background&quot;:&quot;gradient&quot;}\">\n\t\t\t\t\t<div class=\"e-con-inner\">\n\t\t\t\t<div class=\"elementor-element elementor-element-4c16cac elementor-widget elementor-widget-text-editor\" data-id=\"4c16cac\" data-element_type=\"widget\" data-e-type=\"widget\" data-widget_type=\"text-editor.default\">\n\t\t\t\t<div class=\"elementor-widget-container\">\n\t\t\t\t\t\t\t\t\t<h2 class=\"text-4xl font-bold tracking-tight text-white sm:text-5xl md:text-6xl\"><strong>Contacto<\/strong><\/h2><p class=\"max-w-[600px] text-lg text-white\/90\">Estamos a su disposici\u00f3n para resolver cualquier duda o solicitud.<\/p>\t\t\t\t\t\t\t\t<\/div>\n\t\t\t\t<\/div>\n\t\t\t\t\t<\/div>\n\t\t\t\t<\/div>\n\t\t<div class=\"elementor-element elementor-element-fb18426 e-flex e-con-boxed e-con e-parent\" data-id=\"fb18426\" data-element_type=\"container\" data-e-type=\"container\">\n\t\t\t\t\t<div class=\"e-con-inner\">\n\t\t<div class=\"elementor-element elementor-element-7548c30 e-con-full e-flex e-con e-child\" data-id=\"7548c30\" data-element_type=\"container\" data-e-type=\"container\">\n\t\t\t\t<div class=\"elementor-element elementor-element-a3d57b3 elementor-widget elementor-widget-text-editor\" data-id=\"a3d57b3\" data-element_type=\"widget\" data-e-type=\"widget\" data-widget_type=\"text-editor.default\">\n\t\t\t\t<div class=\"elementor-widget-container\">\n\t\t\t\t\t\t\t\t\t<div style=\"font-family: Arial, sans-serif; color: #0b2d55; max-width: 500px;\"><h2 style=\"color: #0b2d55; font-weight: bold;\">Informaci\u00f3n de contacto<\/h2><div style=\"margin-bottom: 20px;\"><div style=\"margin-left: 30px;\"><strong>Direcci\u00f3n<\/strong><br \/>P.I. El Llano, Avda. de la Estaci\u00f3n, s\/n \u2013 45360 Villarrubia de Santiago (Toledo)<\/div><\/div><div style=\"margin-bottom: 20px;\"><div style=\"margin-left: 30px;\"><strong>Tel\u00e9fonos<\/strong><br \/><a style=\"color: #0b2d55; text-decoration: none;\" href=\"tel:925150655\">925 15 06 55<\/a> \/<br \/><a style=\"color: #0b2d55; text-decoration: none;\" href=\"tel:647746467\">647 74 64 67<\/a><\/div><\/div><div style=\"margin-bottom: 20px;\"><div style=\"margin-left: 30px;\"><strong>Horario de atenci\u00f3n<\/strong><br \/>Lunes a jueves: 08:00\u201314:00 y 15:30\u201318:00<br \/>Viernes: 08:00\u201314:00<br \/>Julio y agosto: 07:00\u201315:00<\/div><\/div><\/div>\t\t\t\t\t\t\t\t<\/div>\n\t\t\t\t<\/div>\n\t\t\t\t<div class=\"elementor-element elementor-element-b77a75b e-grid-align-left elementor-shape-rounded elementor-grid-0 elementor-widget elementor-widget-social-icons\" data-id=\"b77a75b\" data-element_type=\"widget\" data-e-type=\"widget\" data-widget_type=\"social-icons.default\">\n\t\t\t\t<div class=\"elementor-widget-container\">\n\t\t\t\t\t\t\t<div class=\"elementor-social-icons-wrapper elementor-grid\" role=\"list\">\n\t\t\t\t\t\t\t<span class=\"elementor-grid-item\" role=\"listitem\">\n\t\t\t\t\t<a class=\"elementor-icon elementor-social-icon elementor-social-icon-facebook elementor-repeater-item-26c94f1\" href=\"https:\/\/www.facebook.com\/aluminiosypvchilario\/\" target=\"_blank\">\n\t\t\t\t\t\t<span class=\"elementor-screen-only\">Facebook<\/span>\n\t\t\t\t\t\t<svg aria-hidden=\"true\" class=\"e-font-icon-svg e-fab-facebook\" viewBox=\"0 0 512 512\" xmlns=\"http:\/\/www.w3.org\/2000\/svg\"><path d=\"M504 256C504 119 393 8 256 8S8 119 8 256c0 123.78 90.69 226.38 209.25 245V327.69h-63V256h63v-54.64c0-62.15 37-96.48 93.67-96.48 27.14 0 55.52 4.84 55.52 4.84v61h-31.28c-30.8 0-40.41 19.12-40.41 38.73V256h68.78l-11 71.69h-57.78V501C413.31 482.38 504 379.78 504 256z\"><\/path><\/svg>\t\t\t\t\t<\/a>\n\t\t\t\t<\/span>\n\t\t\t\t\t\t\t<span class=\"elementor-grid-item\" role=\"listitem\">\n\t\t\t\t\t<a class=\"elementor-icon elementor-social-icon elementor-social-icon-instagram elementor-repeater-item-9cf3a61\" href=\"https:\/\/www.instagram.com\/aluminiosypvchilario\" target=\"_blank\">\n\t\t\t\t\t\t<span class=\"elementor-screen-only\">Instagram<\/span>\n\t\t\t\t\t\t<svg aria-hidden=\"true\" class=\"e-font-icon-svg e-fab-instagram\" viewBox=\"0 0 448 512\" xmlns=\"http:\/\/www.w3.org\/2000\/svg\"><path d=\"M224.1 141c-63.6 0-114.9 51.3-114.9 114.9s51.3 114.9 114.9 114.9S339 319.5 339 255.9 287.7 141 224.1 141zm0 189.6c-41.1 0-74.7-33.5-74.7-74.7s33.5-74.7 74.7-74.7 74.7 33.5 74.7 74.7-33.6 74.7-74.7 74.7zm146.4-194.3c0 14.9-12 26.8-26.8 26.8-14.9 0-26.8-12-26.8-26.8s12-26.8 26.8-26.8 26.8 12 26.8 26.8zm76.1 27.2c-1.7-35.9-9.9-67.7-36.2-93.9-26.2-26.2-58-34.4-93.9-36.2-37-2.1-147.9-2.1-184.9 0-35.8 1.7-67.6 9.9-93.9 36.1s-34.4 58-36.2 93.9c-2.1 37-2.1 147.9 0 184.9 1.7 35.9 9.9 67.7 36.2 93.9s58 34.4 93.9 36.2c37 2.1 147.9 2.1 184.9 0 35.9-1.7 67.7-9.9 93.9-36.2 26.2-26.2 34.4-58 36.2-93.9 2.1-37 2.1-147.8 0-184.8zM398.8 388c-7.8 19.6-22.9 34.7-42.6 42.6-29.5 11.7-99.5 9-132.1 9s-102.7 2.6-132.1-9c-19.6-7.8-34.7-22.9-42.6-42.6-11.7-29.5-9-99.5-9-132.1s-2.6-102.7 9-132.1c7.8-19.6 22.9-34.7 42.6-42.6 29.5-11.7 99.5-9 132.1-9s102.7-2.6 132.1 9c19.6 7.8 34.7 22.9 42.6 42.6 11.7 29.5 9 99.5 9 132.1s2.7 102.7-9 132.1z\"><\/path><\/svg>\t\t\t\t\t<\/a>\n\t\t\t\t<\/span>\n\t\t\t\t\t<\/div>\n\t\t\t\t\t\t<\/div>\n\t\t\t\t<\/div>\n\t\t\t\t<div class=\"elementor-element elementor-element-e5676ee elementor-widget elementor-widget-google_maps\" data-id=\"e5676ee\" data-element_type=\"widget\" data-e-type=\"widget\" data-widget_type=\"google_maps.default\">\n\t\t\t\t<div class=\"elementor-widget-container\">\n\t\t\t\t\t\t\t<div class=\"elementor-custom-embed\">\n\t\t\t<iframe loading=\"lazy\"\n\t\t\t\t\tsrc=\"https:\/\/maps.google.com\/maps?q=Carpinter%C3%ADa%20De%20Aluminio%20Hilario&#038;t=m&#038;z=14&#038;output=embed&#038;iwloc=near\"\n\t\t\t\t\ttitle=\"Carpinter\u00eda De Aluminio Hilario\"\n\t\t\t\t\taria-label=\"Carpinter\u00eda De Aluminio Hilario\"\n\t\t\t><\/iframe>\n\t\t<\/div>\n\t\t\t\t\t\t<\/div>\n\t\t\t\t<\/div>\n\t\t\t\t<\/div>\n\t\t<div class=\"elementor-element elementor-element-9068de3 e-con-full e-flex e-con e-child\" data-id=\"9068de3\" data-element_type=\"container\" data-e-type=\"container\">\n\t\t\t\t<div class=\"elementor-element elementor-element-41c35bb elementor-widget elementor-widget-heading\" data-id=\"41c35bb\" data-element_type=\"widget\" data-e-type=\"widget\" data-widget_type=\"heading.default\">\n\t\t\t\t<div class=\"elementor-widget-container\">\n\t\t\t\t\t<h4 class=\"elementor-heading-title elementor-size-default\">Env\u00edenos un mensaje<\/h4>\t\t\t\t<\/div>\n\t\t\t\t<\/div>\n\t\t\t\t<div class=\"elementor-element elementor-element-6c6adbb elementor-widget elementor-widget-wpforms\" data-id=\"6c6adbb\" data-element_type=\"widget\" data-e-type=\"widget\" data-widget_type=\"wpforms.default\">\n\t\t\t\t<div class=\"elementor-widget-container\">\n\t\t\t\t\t<style id=\"wpforms-css-vars-elementor-widget-6c6adbb\">\n\t\t\t\t.elementor-widget-wpforms.elementor-element-6c6adbb {\n\t\t\t\t--wpforms-field-text-color: #0F2D59;\n--wpforms-label-color: #0F2D59;\n\t\t\t}\n\t\t\t<\/style><div class=\"wpforms-container wpforms-container-full wpforms-render-modern\" id=\"wpforms-198\"><form id=\"wpforms-form-198\" class=\"wpforms-validate wpforms-form wpforms-ajax-form\" data-formid=\"198\" method=\"post\" enctype=\"multipart\/form-data\" action=\"\/en\/wp-json\/wp\/v2\/pages\/32\" data-token=\"bc0919e8e10a7ab1bb9371e43a047140\" data-token-time=\"1779019756\"><noscript class=\"wpforms-error-noscript\">Please enable JavaScript in your browser to complete this form.<\/noscript><div id=\"wpforms-error-noscript\" style=\"display: none;\">Please enable JavaScript in your browser to complete this form.<\/div><div class=\"wpforms-field-container\"><div id=\"wpforms-198-field_4-container\" class=\"wpforms-field wpforms-field-text\" data-field-id=\"4\"><label class=\"wpforms-field-label\" for=\"wpforms-198-field_4\">Nombre Completo <span class=\"wpforms-required-label\" aria-hidden=\"true\">*<\/span><\/label><input type=\"text\" id=\"wpforms-198-field_4\" class=\"wpforms-field-large wpforms-field-required\" name=\"wpforms[fields][4]\" aria-errormessage=\"wpforms-198-field_4-error\" required><\/div>\t\t<div id=\"wpforms-198-field_1-container\"\n\t\t\tclass=\"wpforms-field wpforms-field-text\"\n\t\t\tdata-field-type=\"text\"\n\t\t\tdata-field-id=\"1\"\n\t\t\t>\n\t\t\t<label class=\"wpforms-field-label\" for=\"wpforms-198-field_1\" >Asunto Mensaje Correo<\/label>\n\t\t\t<input type=\"text\" id=\"wpforms-198-field_1\" class=\"wpforms-field-medium\" name=\"wpforms[fields][1]\" >\n\t\t<\/div>\n\t\t<div id=\"wpforms-198-field_5-container\" class=\"wpforms-field wpforms-field-text\" data-field-id=\"5\"><label class=\"wpforms-field-label\" for=\"wpforms-198-field_5\">Tel\u00e9fono <span class=\"wpforms-required-label\" aria-hidden=\"true\">*<\/span><\/label><input type=\"text\" id=\"wpforms-198-field_5\" class=\"wpforms-field-large wpforms-field-required\" name=\"wpforms[fields][5]\" aria-errormessage=\"wpforms-198-field_5-error\" required><\/div><div id=\"wpforms-198-field_6-container\" class=\"wpforms-field wpforms-field-email\" data-field-id=\"6\"><label class=\"wpforms-field-label\" for=\"wpforms-198-field_6\">Correo electr\u00f3nico<\/label><input type=\"email\" id=\"wpforms-198-field_6\" class=\"wpforms-field-large\" name=\"wpforms[fields][6]\" spellcheck=\"false\" aria-errormessage=\"wpforms-198-field_6-error\" ><\/div><div id=\"wpforms-198-field_7-container\" class=\"wpforms-field wpforms-field-text\" data-field-id=\"7\"><label class=\"wpforms-field-label\" for=\"wpforms-198-field_7\">Asunto<\/label><input type=\"text\" id=\"wpforms-198-field_7\" class=\"wpforms-field-large\" name=\"wpforms[fields][7]\" aria-errormessage=\"wpforms-198-field_7-error\" ><\/div><div id=\"wpforms-198-field_8-container\" class=\"wpforms-field wpforms-field-textarea\" data-field-id=\"8\"><label class=\"wpforms-field-label\" for=\"wpforms-198-field_8\">Mensaje <span class=\"wpforms-required-label\" aria-hidden=\"true\">*<\/span><\/label><textarea id=\"wpforms-198-field_8\" class=\"wpforms-field-medium wpforms-field-required\" name=\"wpforms[fields][8]\" aria-errormessage=\"wpforms-198-field_8-error\" required><\/textarea><\/div><script>\n\t\t\t\t( function() {\n\t\t\t\t\tconst style = document.createElement( 'style' );\n\t\t\t\t\tstyle.appendChild( document.createTextNode( '#wpforms-198-field_1-container { position: absolute !important; overflow: hidden !important; display: inline !important; height: 1px !important; width: 1px !important; z-index: -1000 !important; padding: 0 !important; } #wpforms-198-field_1-container input { visibility: hidden; } #wpforms-conversational-form-page #wpforms-198-field_1-container label { counter-increment: none; }' ) );\n\t\t\t\t\tdocument.head.appendChild( style );\n\t\t\t\t\tdocument.currentScript?.remove();\n\t\t\t\t} )();\n\t\t\t<\/script><\/div><!-- .wpforms-field-container --><div class=\"wpforms-recaptcha-container wpforms-is-recaptcha wpforms-is-recaptcha-type-v3\" ><input type=\"hidden\" name=\"wpforms[recaptcha]\" value=\"\"><\/div><div class=\"wpforms-submit-container\" ><input type=\"hidden\" name=\"wpforms[id]\" value=\"198\"><input type=\"hidden\" name=\"page_title\" value=\"\"><input type=\"hidden\" name=\"page_url\" value=\"https:\/\/www.aluminiospvchilario.es\/en\/wp-json\/wp\/v2\/pages\/32\"><input type=\"hidden\" name=\"url_referer\" value=\"\"><button type=\"submit\" name=\"wpforms[submit]\" id=\"wpforms-submit-198\" class=\"wpforms-submit\" data-alt-text=\"Enviando...\" data-submit-text=\"Enviar\" aria-live=\"assertive\" value=\"wpforms-submit\">Enviar<\/button><img decoding=\"async\" src=\"https:\/\/www.aluminiospvchilario.es\/wp-content\/plugins\/wpforms-lite\/assets\/images\/submit-spin.svg\" class=\"wpforms-submit-spinner\" style=\"display: none;\" width=\"26\" height=\"26\" alt=\"Loading\"><\/div><\/form><\/div>  <!-- .wpforms-container -->\t\t\t\t<\/div>\n\t\t\t\t<\/div>\n\t\t\t\t<\/div>\n\t\t\t\t\t<\/div>\n\t\t\t\t<\/div>\n\t\t\t\t<\/div>\n\t\t","protected":false},"excerpt":{"rendered":"<p>Contacto Estamos a su disposici\u00f3n para resolver cualquier duda o solicitud. Informaci\u00f3n de contacto Direcci\u00f3nP.I. El Llano, Avda. de la Estaci\u00f3n, s\/n \u2013 45360 Villarrubia de Santiago (Toledo)Tel\u00e9fonos925 15 06 55 \/647 74 64 67Horario de atenci\u00f3nLunes a jueves: 08:00\u201314:00 y 15:30\u201318:00Viernes: 08:00\u201314:00Julio y agosto: 07:00\u201315:00 Facebook Instagram Env\u00edenos un mensaje Por favor, activa JavaScript [&hellip;]<\/p>\n","protected":false},"author":1,"featured_media":0,"parent":0,"menu_order":0,"comment_status":"closed","ping_status":"closed","template":"","meta":{"footnotes":""},"class_list":["post-32","page","type-page","status-publish","hentry"],"yoast_head":"<!-- This site is optimized with the Yoast SEO plugin v27.3 - https:\/\/yoast.com\/product\/yoast-seo-wordpress\/ -->\n<title>Contacto y Presupuesto | Aluminios y PVC Hilario<\/title>\n<meta name=\"description\" content=\"Solicita tu presupuesto sin compromiso para ventanas, puertas o cerramientos en aluminio y PVC. Taller en Villarrubia de Santiago, Toledo. Atenci\u00f3n de lunes a viernes. Ll\u00e1manos o escr\u00edbenos hoy mismo.\" \/>\n<meta name=\"robots\" content=\"index, follow, max-snippet:-1, max-image-preview:large, max-video-preview:-1\" \/>\n<link rel=\"canonical\" href=\"https:\/\/www.aluminiospvchilario.es\/en\/contacto\/\" \/>\n<meta property=\"og:locale\" content=\"en_US\" \/>\n<meta property=\"og:locale:alternate\" content=\"es_ES\" \/>\n<meta property=\"og:type\" content=\"article\" \/>\n<meta property=\"og:title\" content=\"Contacto y Presupuesto | Aluminios y PVC Hilario\" \/>\n<meta property=\"og:description\" content=\"Solicita tu presupuesto sin compromiso para ventanas, puertas o cerramientos en aluminio y PVC. Taller en Villarrubia de Santiago, Toledo. Atenci\u00f3n de lunes a viernes. Ll\u00e1manos o escr\u00edbenos hoy mismo.\" \/>\n<meta property=\"og:url\" content=\"https:\/\/www.aluminiospvchilario.es\/en\/contacto\/\" \/>\n<meta property=\"og:site_name\" content=\"Aluminios y PVC Hilario\" \/>\n<meta property=\"article:modified_time\" content=\"2026-04-10T00:34:13+00:00\" \/>\n<meta property=\"og:image\" content=\"https:\/\/www.aluminiospvchilario.es\/wp-content\/plugins\/wpforms-lite\/assets\/images\/submit-spin.svg\" \/>\n<meta name=\"twitter:card\" content=\"summary_large_image\" \/>\n<meta name=\"twitter:label1\" content=\"Est. reading time\" \/>\n\t<meta name=\"twitter:data1\" content=\"1 minute\" \/>\n<script type=\"application\/ld+json\" class=\"yoast-schema-graph\">{\"@context\":\"https:\\\/\\\/schema.org\",\"@graph\":[{\"@type\":\"WebPage\",\"@id\":\"https:\\\/\\\/www.aluminiospvchilario.es\\\/contacto\\\/\",\"url\":\"https:\\\/\\\/www.aluminiospvchilario.es\\\/contacto\\\/\",\"name\":\"Contacto y Presupuesto | Aluminios y PVC Hilario\",\"isPartOf\":{\"@id\":\"https:\\\/\\\/www.aluminiospvchilario.es\\\/#website\"},\"primaryImageOfPage\":{\"@id\":\"https:\\\/\\\/www.aluminiospvchilario.es\\\/contacto\\\/#primaryimage\"},\"image\":{\"@id\":\"https:\\\/\\\/www.aluminiospvchilario.es\\\/contacto\\\/#primaryimage\"},\"thumbnailUrl\":\"https:\\\/\\\/www.aluminiospvchilario.es\\\/wp-content\\\/plugins\\\/wpforms-lite\\\/assets\\\/images\\\/submit-spin.svg\",\"datePublished\":\"2025-05-29T17:32:49+00:00\",\"dateModified\":\"2026-04-10T00:34:13+00:00\",\"description\":\"Solicita tu presupuesto sin compromiso para ventanas, puertas o cerramientos en aluminio y PVC. Taller en Villarrubia de Santiago, Toledo. Atenci\u00f3n de lunes a viernes. Ll\u00e1manos o escr\u00edbenos hoy mismo.\",\"breadcrumb\":{\"@id\":\"https:\\\/\\\/www.aluminiospvchilario.es\\\/contacto\\\/#breadcrumb\"},\"inLanguage\":\"en-US\",\"potentialAction\":[{\"@type\":\"ReadAction\",\"target\":[\"https:\\\/\\\/www.aluminiospvchilario.es\\\/contacto\\\/\"]}]},{\"@type\":\"ImageObject\",\"inLanguage\":\"en-US\",\"@id\":\"https:\\\/\\\/www.aluminiospvchilario.es\\\/contacto\\\/#primaryimage\",\"url\":\"https:\\\/\\\/www.aluminiospvchilario.es\\\/wp-content\\\/plugins\\\/wpforms-lite\\\/assets\\\/images\\\/submit-spin.svg\",\"contentUrl\":\"https:\\\/\\\/www.aluminiospvchilario.es\\\/wp-content\\\/plugins\\\/wpforms-lite\\\/assets\\\/images\\\/submit-spin.svg\"},{\"@type\":\"BreadcrumbList\",\"@id\":\"https:\\\/\\\/www.aluminiospvchilario.es\\\/contacto\\\/#breadcrumb\",\"itemListElement\":[{\"@type\":\"ListItem\",\"position\":1,\"name\":\"Portada\",\"item\":\"https:\\\/\\\/www.aluminiospvchilario.es\\\/\"},{\"@type\":\"ListItem\",\"position\":2,\"name\":\"Contacto\"}]},{\"@type\":\"WebSite\",\"@id\":\"https:\\\/\\\/www.aluminiospvchilario.es\\\/#website\",\"url\":\"https:\\\/\\\/www.aluminiospvchilario.es\\\/\",\"name\":\"Aluminios y PVC Hilario\",\"description\":\"\",\"publisher\":{\"@id\":\"https:\\\/\\\/www.aluminiospvchilario.es\\\/#organization\"},\"potentialAction\":[{\"@type\":\"SearchAction\",\"target\":{\"@type\":\"EntryPoint\",\"urlTemplate\":\"https:\\\/\\\/www.aluminiospvchilario.es\\\/?s={search_term_string}\"},\"query-input\":{\"@type\":\"PropertyValueSpecification\",\"valueRequired\":true,\"valueName\":\"search_term_string\"}}],\"inLanguage\":\"en-US\"},{\"@type\":\"Organization\",\"@id\":\"https:\\\/\\\/www.aluminiospvchilario.es\\\/#organization\",\"name\":\"Aluminios y PVC Hilario\",\"url\":\"https:\\\/\\\/www.aluminiospvchilario.es\\\/\",\"logo\":{\"@type\":\"ImageObject\",\"inLanguage\":\"en-US\",\"@id\":\"https:\\\/\\\/www.aluminiospvchilario.es\\\/#\\\/schema\\\/logo\\\/image\\\/\",\"url\":\"https:\\\/\\\/www.aluminiospvchilario.es\\\/wp-content\\\/uploads\\\/2025\\\/05\\\/logo_flat.png\",\"contentUrl\":\"https:\\\/\\\/www.aluminiospvchilario.es\\\/wp-content\\\/uploads\\\/2025\\\/05\\\/logo_flat.png\",\"width\":1080,\"height\":450,\"caption\":\"Aluminios y PVC Hilario\"},\"image\":{\"@id\":\"https:\\\/\\\/www.aluminiospvchilario.es\\\/#\\\/schema\\\/logo\\\/image\\\/\"}}]}<\/script>\n<!-- \/ Yoast SEO plugin. -->","yoast_head_json":{"title":"Contacto y Presupuesto | Aluminios y PVC Hilario","description":"Solicita tu presupuesto sin compromiso para ventanas, puertas o cerramientos en aluminio y PVC. Taller en Villarrubia de Santiago, Toledo. Atenci\u00f3n de lunes a viernes. Ll\u00e1manos o escr\u00edbenos hoy mismo.","robots":{"index":"index","follow":"follow","max-snippet":"max-snippet:-1","max-image-preview":"max-image-preview:large","max-video-preview":"max-video-preview:-1"},"canonical":"https:\/\/www.aluminiospvchilario.es\/en\/contacto\/","og_locale":"en_US","og_type":"article","og_title":"[:es]Contacto y Presupuesto | Aluminios y PVC Hilario[:]","og_description":"[:es]Solicita tu presupuesto sin compromiso para ventanas, puertas o cerramientos en aluminio y PVC. Taller en Villarrubia de Santiago, Toledo. Atenci\u00f3n de lunes a viernes. Ll\u00e1manos o escr\u00edbenos hoy mismo.[:]","og_url":"https:\/\/www.aluminiospvchilario.es\/en\/contacto\/","og_site_name":"Aluminios y PVC Hilario","article_modified_time":"2026-04-10T00:34:13+00:00","og_image":[{"url":"https:\/\/www.aluminiospvchilario.es\/wp-content\/plugins\/wpforms-lite\/assets\/images\/submit-spin.svg","type":"","width":"","height":""}],"twitter_card":"summary_large_image","twitter_misc":{"Est. reading time":"1 minute"},"schema":{"@context":"https:\/\/schema.org","@graph":[{"@type":"WebPage","@id":"https:\/\/www.aluminiospvchilario.es\/contacto\/","url":"https:\/\/www.aluminiospvchilario.es\/contacto\/","name":"Contacto y Presupuesto | Aluminios y PVC Hilario","isPartOf":{"@id":"https:\/\/www.aluminiospvchilario.es\/#website"},"primaryImageOfPage":{"@id":"https:\/\/www.aluminiospvchilario.es\/contacto\/#primaryimage"},"image":{"@id":"https:\/\/www.aluminiospvchilario.es\/contacto\/#primaryimage"},"thumbnailUrl":"https:\/\/www.aluminiospvchilario.es\/wp-content\/plugins\/wpforms-lite\/assets\/images\/submit-spin.svg","datePublished":"2025-05-29T17:32:49+00:00","dateModified":"2026-04-10T00:34:13+00:00","description":"Solicita tu presupuesto sin compromiso para ventanas, puertas o cerramientos en aluminio y PVC. Taller en Villarrubia de Santiago, Toledo. Atenci\u00f3n de lunes a viernes. Ll\u00e1manos o escr\u00edbenos hoy mismo.","breadcrumb":{"@id":"https:\/\/www.aluminiospvchilario.es\/contacto\/#breadcrumb"},"inLanguage":"en-US","potentialAction":[{"@type":"ReadAction","target":["https:\/\/www.aluminiospvchilario.es\/contacto\/"]}]},{"@type":"ImageObject","inLanguage":"en-US","@id":"https:\/\/www.aluminiospvchilario.es\/contacto\/#primaryimage","url":"https:\/\/www.aluminiospvchilario.es\/wp-content\/plugins\/wpforms-lite\/assets\/images\/submit-spin.svg","contentUrl":"https:\/\/www.aluminiospvchilario.es\/wp-content\/plugins\/wpforms-lite\/assets\/images\/submit-spin.svg"},{"@type":"BreadcrumbList","@id":"https:\/\/www.aluminiospvchilario.es\/contacto\/#breadcrumb","itemListElement":[{"@type":"ListItem","position":1,"name":"Portada","item":"https:\/\/www.aluminiospvchilario.es\/"},{"@type":"ListItem","position":2,"name":"Contacto"}]},{"@type":"WebSite","@id":"https:\/\/www.aluminiospvchilario.es\/#website","url":"https:\/\/www.aluminiospvchilario.es\/","name":"Aluminios y PVC Hilario","description":"","publisher":{"@id":"https:\/\/www.aluminiospvchilario.es\/#organization"},"potentialAction":[{"@type":"SearchAction","target":{"@type":"EntryPoint","urlTemplate":"https:\/\/www.aluminiospvchilario.es\/?s={search_term_string}"},"query-input":{"@type":"PropertyValueSpecification","valueRequired":true,"valueName":"search_term_string"}}],"inLanguage":"en-US"},{"@type":"Organization","@id":"https:\/\/www.aluminiospvchilario.es\/#organization","name":"Aluminios y PVC Hilario","url":"https:\/\/www.aluminiospvchilario.es\/","logo":{"@type":"ImageObject","inLanguage":"en-US","@id":"https:\/\/www.aluminiospvchilario.es\/#\/schema\/logo\/image\/","url":"https:\/\/www.aluminiospvchilario.es\/wp-content\/uploads\/2025\/05\/logo_flat.png","contentUrl":"https:\/\/www.aluminiospvchilario.es\/wp-content\/uploads\/2025\/05\/logo_flat.png","width":1080,"height":450,"caption":"Aluminios y PVC Hilario"},"image":{"@id":"https:\/\/www.aluminiospvchilario.es\/#\/schema\/logo\/image\/"}}]}},"_links":{"self":[{"href":"https:\/\/www.aluminiospvchilario.es\/en\/wp-json\/wp\/v2\/pages\/32","targetHints":{"allow":["GET"]}}],"collection":[{"href":"https:\/\/www.aluminiospvchilario.es\/en\/wp-json\/wp\/v2\/pages"}],"about":[{"href":"https:\/\/www.aluminiospvchilario.es\/en\/wp-json\/wp\/v2\/types\/page"}],"author":[{"embeddable":true,"href":"https:\/\/www.aluminiospvchilario.es\/en\/wp-json\/wp\/v2\/users\/1"}],"replies":[{"embeddable":true,"href":"https:\/\/www.aluminiospvchilario.es\/en\/wp-json\/wp\/v2\/comments?post=32"}],"version-history":[{"count":30,"href":"https:\/\/www.aluminiospvchilario.es\/en\/wp-json\/wp\/v2\/pages\/32\/revisions"}],"predecessor-version":[{"id":460,"href":"https:\/\/www.aluminiospvchilario.es\/en\/wp-json\/wp\/v2\/pages\/32\/revisions\/460"}],"wp:attachment":[{"href":"https:\/\/www.aluminiospvchilario.es\/en\/wp-json\/wp\/v2\/media?parent=32"}],"curies":[{"name":"wp","href":"https:\/\/api.w.org\/{rel}","templated":true}]}}