{"id":26,"date":"2025-05-29T19:31:51","date_gmt":"2025-05-29T17:31:51","guid":{"rendered":"https:\/\/www.aluminiospvchilario.es\/?page_id=26"},"modified":"2026-02-18T20:58:35","modified_gmt":"2026-02-18T19:58:35","slug":"quienes-somos","status":"publish","type":"page","link":"https:\/\/www.aluminiospvchilario.es\/en\/quienes-somos\/","title":{"rendered":"Qui\u00e9nes Somos"},"content":{"rendered":"\t\t<div data-elementor-type=\"wp-page\" data-elementor-id=\"26\" class=\"elementor elementor-26\" data-elementor-post-type=\"page\">\n\t\t\t\t<div class=\"elementor-element elementor-element-9e77511 e-flex e-con-boxed e-con e-parent\" data-id=\"9e77511\" data-element_type=\"container\" data-e-type=\"container\" data-settings=\"{&quot;background_background&quot;:&quot;gradient&quot;}\">\n\t\t\t\t\t<div class=\"e-con-inner\">\n\t\t\t\t<div class=\"elementor-element elementor-element-d9e6ba4 elementor-widget elementor-widget-text-editor\" data-id=\"d9e6ba4\" data-element_type=\"widget\" data-e-type=\"widget\" data-widget_type=\"text-editor.default\">\n\t\t\t\t<div class=\"elementor-widget-container\">\n\t\t\t\t\t\t\t\t\t<h2 class=\"text-4xl font-bold tracking-tight text-white sm:text-5xl md:text-6xl\"><strong>Qui\u00e9nes somos<\/strong><\/h2><p class=\"max-w-[600px] text-lg text-white\/90\">Conozca nuestra historia, valores y compromiso con la calidad.<\/p>\t\t\t\t\t\t\t\t<\/div>\n\t\t\t\t<\/div>\n\t\t\t\t\t<\/div>\n\t\t\t\t<\/div>\n\t\t<div class=\"elementor-element elementor-element-9493b5f e-flex e-con-boxed e-con e-parent\" data-id=\"9493b5f\" data-element_type=\"container\" data-e-type=\"container\">\n\t\t\t\t\t<div class=\"e-con-inner\">\n\t\t<div class=\"elementor-element elementor-element-f2622b4 e-con-full e-flex e-con e-child\" data-id=\"f2622b4\" data-element_type=\"container\" data-e-type=\"container\">\n\t\t\t\t<div class=\"elementor-element elementor-element-75f3662 elementor-widget elementor-widget-text-editor\" data-id=\"75f3662\" data-element_type=\"widget\" data-e-type=\"widget\" data-widget_type=\"text-editor.default\">\n\t\t\t\t<div class=\"elementor-widget-container\">\n\t\t\t\t\t\t\t\t\t<h2 data-start=\"362\" data-end=\"381\"><strong>Nuestra historia<\/strong><\/h2><p data-start=\"383\" data-end=\"699\"><strong data-start=\"383\" data-end=\"410\">Aluminios y PVC Hilario<\/strong> es una empresa familiar especializada en carpinter\u00eda de aluminio y PVC, con m\u00e1s de <strong data-start=\"494\" data-end=\"533\">36 a\u00f1os de experiencia en el sector<\/strong>. Fundada por <strong data-start=\"547\" data-end=\"573\">Hilario De Loma Bobito<\/strong>, comenz\u00f3 su andadura en un peque\u00f1o local con muchas dificultades, pero tambi\u00e9n con una gran pasi\u00f3n por el trabajo bien hecho.<\/p><p data-start=\"701\" data-end=\"1081\">Gracias al esfuerzo y la dedicaci\u00f3n, hoy contamos con unas <strong data-start=\"760\" data-end=\"805\">modernas instalaciones de m\u00e1s de 1.000 m\u00b2<\/strong> en Villarrubia de Santiago (Toledo), destinadas a la <strong data-start=\"859\" data-end=\"903\">fabricaci\u00f3n, exposici\u00f3n, venta y montaje<\/strong> de nuestros productos. Nuestra plantilla est\u00e1 formada por profesionales cualificados, con amplia experiencia, comprometidos con ofrecer soluciones personalizadas a cada cliente.<\/p><p data-start=\"1083\" data-end=\"1364\">Nuestra trayectoria se ha consolidado sobre valores como la <strong data-start=\"1143\" data-end=\"1182\">calidad, la cercan\u00eda y la confianza<\/strong>, siendo nuestra mejor publicidad la recomendaci\u00f3n de quienes ya han confiado en nosotros. Atendemos a clientes de toda Espa\u00f1a que buscan resultados duraderos y un trato profesional.<\/p>\t\t\t\t\t\t\t\t<\/div>\n\t\t\t\t<\/div>\n\t\t\t\t<\/div>\n\t\t<div class=\"elementor-element elementor-element-20c02a8 e-con-full e-flex e-con e-child\" data-id=\"20c02a8\" data-element_type=\"container\" data-e-type=\"container\">\n\t\t<div class=\"elementor-element elementor-element-2689482 e-con-full e-flex e-con e-child\" data-id=\"2689482\" data-element_type=\"container\" data-e-type=\"container\" data-settings=\"{&quot;background_background&quot;:&quot;classic&quot;}\">\n\t\t<div class=\"elementor-element elementor-element-35b2dbb e-con-full e-flex e-con e-child\" data-id=\"35b2dbb\" data-element_type=\"container\" data-e-type=\"container\" data-settings=\"{&quot;background_background&quot;:&quot;classic&quot;}\">\n\t\t\t\t<div class=\"elementor-element elementor-element-081667d elementor-widget elementor-widget-text-editor\" data-id=\"081667d\" data-element_type=\"widget\" data-e-type=\"widget\" data-widget_type=\"text-editor.default\">\n\t\t\t\t<div class=\"elementor-widget-container\">\n\t\t\t\t\t\t\t\t\t<h2 class=\"text-primary font-bold text-4xl\"><strong>1989<\/strong><\/h2><p class=\"text-muted-foreground\">A\u00f1o de fundaci\u00f3n<\/p>\t\t\t\t\t\t\t\t<\/div>\n\t\t\t\t<\/div>\n\t\t\t\t<\/div>\n\t\t\t\t<\/div>\n\t\t\t\t<\/div>\n\t\t\t\t\t<\/div>\n\t\t\t\t<\/div>\n\t\t<div class=\"elementor-element elementor-element-4046c69 e-flex e-con-boxed e-con e-parent\" data-id=\"4046c69\" data-element_type=\"container\" data-e-type=\"container\" data-settings=\"{&quot;background_background&quot;:&quot;classic&quot;}\">\n\t\t\t\t\t<div class=\"e-con-inner\">\n\t\t<div class=\"elementor-element elementor-element-9b01d80 e-con-full e-flex e-con e-child\" data-id=\"9b01d80\" data-element_type=\"container\" data-e-type=\"container\">\n\t\t\t\t<div class=\"elementor-element elementor-element-644d990 elementor-widget elementor-widget-image\" data-id=\"644d990\" data-element_type=\"widget\" data-e-type=\"widget\" data-widget_type=\"image.default\">\n\t\t\t\t<div class=\"elementor-widget-container\">\n\t\t\t\t\t\t\t\t\t\t\t\t\t\t\t<img fetchpriority=\"high\" decoding=\"async\" width=\"800\" height=\"400\" src=\"https:\/\/www.aluminiospvchilario.es\/wp-content\/uploads\/2025\/06\/image15.jpeg\" class=\"attachment-large size-large wp-image-249\" alt=\"\" srcset=\"https:\/\/www.aluminiospvchilario.es\/wp-content\/uploads\/2025\/06\/image15.jpeg 900w, https:\/\/www.aluminiospvchilario.es\/wp-content\/uploads\/2025\/06\/image15-300x150.jpeg 300w, https:\/\/www.aluminiospvchilario.es\/wp-content\/uploads\/2025\/06\/image15-768x384.jpeg 768w\" sizes=\"(max-width: 800px) 100vw, 800px\" \/>\t\t\t\t\t\t\t\t\t\t\t\t\t\t\t<\/div>\n\t\t\t\t<\/div>\n\t\t\t\t<\/div>\n\t\t<div class=\"elementor-element elementor-element-f933af4 e-con-full e-flex e-con e-child\" data-id=\"f933af4\" data-element_type=\"container\" data-e-type=\"container\">\n\t\t\t\t<div class=\"elementor-element elementor-element-dd4591f elementor-widget elementor-widget-heading\" data-id=\"dd4591f\" data-element_type=\"widget\" data-e-type=\"widget\" data-widget_type=\"heading.default\">\n\t\t\t\t<div class=\"elementor-widget-container\">\n\t\t\t\t\t<h2 class=\"elementor-heading-title elementor-size-default\">Nuestros productos y servicios\n<\/h2>\t\t\t\t<\/div>\n\t\t\t\t<\/div>\n\t\t\t\t<div class=\"elementor-element elementor-element-e565138 elementor-widget elementor-widget-text-editor\" data-id=\"e565138\" data-element_type=\"widget\" data-e-type=\"widget\" data-widget_type=\"text-editor.default\">\n\t\t\t\t<div class=\"elementor-widget-container\">\n\t\t\t\t\t\t\t\t\t<p data-start=\"1406\" data-end=\"1675\">En <strong data-start=\"1409\" data-end=\"1436\">Aluminios y PVC Hilario<\/strong> somos expertos en <strong data-start=\"1455\" data-end=\"1497\">carpinter\u00eda met\u00e1lica de aluminio y PVC<\/strong>, ofreciendo soluciones a medida tanto para particulares como para empresas. Fabricamos e instalamos una amplia gama de productos de alta calidad adaptados a cualquier necesidad:<\/p><ul data-start=\"1677\" data-end=\"1904\"><li data-start=\"1677\" data-end=\"1719\"><p data-start=\"1679\" data-end=\"1719\"><strong data-start=\"1679\" data-end=\"1719\">Ventanas y puertas de aluminio o PVC<\/strong><\/p><\/li><li data-start=\"1720\" data-end=\"1755\"><p data-start=\"1722\" data-end=\"1755\"><strong data-start=\"1722\" data-end=\"1755\">Contraventanas y mallorquinas<\/strong><\/p><\/li><li data-start=\"1756\" data-end=\"1796\"><p data-start=\"1758\" data-end=\"1796\"><strong data-start=\"1758\" data-end=\"1796\">Cerramientos de terrazas y porches<\/strong><\/p><\/li><li data-start=\"1797\" data-end=\"1835\"><p data-start=\"1799\" data-end=\"1835\"><strong data-start=\"1799\" data-end=\"1835\">Muros cortina y fachadas ligeras<\/strong><\/p><\/li><li data-start=\"1836\" data-end=\"1866\"><p data-start=\"1838\" data-end=\"1866\"><strong data-start=\"1838\" data-end=\"1866\">Claraboyas y lucernarios<\/strong><\/p><\/li><li data-start=\"1867\" data-end=\"1904\"><p data-start=\"1869\" data-end=\"1904\"><strong data-start=\"1869\" data-end=\"1904\">Mamparas de ba\u00f1o personalizadas<\/strong><\/p><\/li><\/ul><p data-start=\"1906\" data-end=\"2225\">Disponemos de una <strong data-start=\"1924\" data-end=\"1974\">amplia variedad de acabados, dise\u00f1os y colores<\/strong>, garantizando que cada proyecto se integre perfectamente en el estilo de su vivienda o local comercial. Nuestro compromiso es ofrecer la <strong data-start=\"2112\" data-end=\"2145\">mejor relaci\u00f3n calidad-precio<\/strong> en cada instalaci\u00f3n, siempre con materiales duraderos y un montaje profesional.<\/p><p data-start=\"2227\" data-end=\"2567\">Nos encontramos en <strong data-start=\"2246\" data-end=\"2256\">Toledo<\/strong>, pero prestamos servicio en toda Espa\u00f1a. Le invitamos a explorar nuestra web, donde encontrar\u00e1 m\u00e1s detalles sobre cada producto y ejemplos de nuestros trabajos. Si desea m\u00e1s informaci\u00f3n o quiere solicitar un presupuesto sin compromiso, no dude en <strong data-start=\"2504\" data-end=\"2530\">contactar con nosotros<\/strong>. \u00a1Estaremos encantados de atenderle!<\/p>\t\t\t\t\t\t\t\t<\/div>\n\t\t\t\t<\/div>\n\t\t\t\t<\/div>\n\t\t\t\t\t<\/div>\n\t\t\t\t<\/div>\n\t\t<div class=\"elementor-element elementor-element-2a8fc5f e-flex e-con-boxed e-con e-parent\" data-id=\"2a8fc5f\" data-element_type=\"container\" data-e-type=\"container\" data-settings=\"{&quot;background_background&quot;:&quot;classic&quot;}\">\n\t\t\t\t\t<div class=\"e-con-inner\">\n\t\t\t\t<div class=\"elementor-element elementor-element-e0d6c46 elementor-widget elementor-widget-heading\" data-id=\"e0d6c46\" data-element_type=\"widget\" data-e-type=\"widget\" data-widget_type=\"heading.default\">\n\t\t\t\t<div class=\"elementor-widget-container\">\n\t\t\t\t\t<h2 class=\"elementor-heading-title elementor-size-default\">\u00bfListo para comenzar su proyecto?<\/h2>\t\t\t\t<\/div>\n\t\t\t\t<\/div>\n\t\t\t\t<div class=\"elementor-element elementor-element-bced98f elementor-widget elementor-widget-text-editor\" data-id=\"bced98f\" data-element_type=\"widget\" data-e-type=\"widget\" data-widget_type=\"text-editor.default\">\n\t\t\t\t<div class=\"elementor-widget-container\">\n\t\t\t\t\t\t\t\t\t<p class=\"max-w-2xl mx-auto text-lg text-white\/80 mb-8\">Contacte con nosotros para recibir asesoramiento personalizado y un presupuesto sin compromiso.<\/p>\t\t\t\t\t\t\t\t<\/div>\n\t\t\t\t<\/div>\n\t\t\t\t<div class=\"elementor-element elementor-element-a9bab18 elementor-align-center elementor-widget elementor-widget-button\" data-id=\"a9bab18\" data-element_type=\"widget\" data-e-type=\"widget\" data-widget_type=\"button.default\">\n\t\t\t\t<div class=\"elementor-widget-container\">\n\t\t\t\t\t\t\t\t\t<div class=\"elementor-button-wrapper\">\n\t\t\t\t\t<a class=\"elementor-button elementor-button-link elementor-size-sm\" href=\"\/contacto\/\">\n\t\t\t\t\t\t<span class=\"elementor-button-content-wrapper\">\n\t\t\t\t\t\t\t\t\t<span class=\"elementor-button-text\">Solicitar presupuesto<\/span>\n\t\t\t\t\t<\/span>\n\t\t\t\t\t<\/a>\n\t\t\t\t<\/div>\n\t\t\t\t\t\t\t\t<\/div>\n\t\t\t\t<\/div>\n\t\t\t\t\t<\/div>\n\t\t\t\t<\/div>\n\t\t\t\t<\/div>\n\t\t","protected":false},"excerpt":{"rendered":"<p>Qui\u00e9nes somos Conozca nuestra historia, valores y compromiso con la calidad. Nuestra historia Aluminios y PVC Hilario es una empresa familiar especializada en carpinter\u00eda de aluminio y PVC, con m\u00e1s de 36 a\u00f1os de experiencia en el sector. Fundada por Hilario De Loma Bobito, comenz\u00f3 su andadura en un peque\u00f1o local con muchas dificultades, pero [&hellip;]<\/p>\n","protected":false},"author":1,"featured_media":0,"parent":0,"menu_order":0,"comment_status":"closed","ping_status":"closed","template":"","meta":{"footnotes":""},"class_list":["post-26","page","type-page","status-publish","hentry"],"yoast_head":"<!-- This site is optimized with the Yoast SEO plugin v27.3 - https:\/\/yoast.com\/product\/yoast-seo-wordpress\/ -->\n<title>Qui\u00e9nes Somos | Aluminios y PVC Hilario Toledo<\/title>\n<meta name=\"description\" content=\"Descubra la historia de Aluminios y PVC Hilario, empresa familiar con m\u00e1s de 36 a\u00f1os de experiencia en carpinter\u00eda de aluminio y PVC. Fabricamos e instalamos ventanas, puertas y cerramientos a medida desde Toledo para toda Espa\u00f1a, con calidad, cercan\u00eda y m\u00e1xima profesionalidad.\" \/>\n<meta name=\"robots\" content=\"index, follow, max-snippet:-1, max-image-preview:large, max-video-preview:-1\" \/>\n<link rel=\"canonical\" href=\"https:\/\/www.aluminiospvchilario.es\/en\/quienes-somos\/\" \/>\n<meta property=\"og:locale\" content=\"en_US\" \/>\n<meta property=\"og:locale:alternate\" content=\"es_ES\" \/>\n<meta property=\"og:type\" content=\"article\" \/>\n<meta property=\"og:title\" content=\"Qui\u00e9nes Somos | Aluminios y PVC Hilario Toledo\" \/>\n<meta property=\"og:description\" content=\"Descubra la historia de Aluminios y PVC Hilario, empresa familiar con m\u00e1s de 36 a\u00f1os de experiencia en carpinter\u00eda de aluminio y PVC. Fabricamos e instalamos ventanas, puertas y cerramientos a medida desde Toledo para toda Espa\u00f1a, con calidad, cercan\u00eda y m\u00e1xima profesionalidad.\" \/>\n<meta property=\"og:url\" content=\"https:\/\/www.aluminiospvchilario.es\/en\/quienes-somos\/\" \/>\n<meta property=\"og:site_name\" content=\"Aluminios y PVC Hilario\" \/>\n<meta property=\"article:modified_time\" content=\"2026-02-18T19:58:35+00:00\" \/>\n<meta property=\"og:image\" content=\"https:\/\/www.aluminiospvchilario.es\/wp-content\/uploads\/2025\/06\/image15.jpeg\" \/>\n\t<meta property=\"og:image:width\" content=\"900\" \/>\n\t<meta property=\"og:image:height\" content=\"450\" \/>\n\t<meta property=\"og:image:type\" content=\"image\/jpeg\" \/>\n<meta name=\"twitter:card\" content=\"summary_large_image\" \/>\n<meta name=\"twitter:label1\" content=\"Est. reading time\" \/>\n\t<meta name=\"twitter:data1\" content=\"2 minutes\" \/>\n<script type=\"application\/ld+json\" class=\"yoast-schema-graph\">{\"@context\":\"https:\\\/\\\/schema.org\",\"@graph\":[{\"@type\":\"WebPage\",\"@id\":\"https:\\\/\\\/www.aluminiospvchilario.es\\\/quienes-somos\\\/\",\"url\":\"https:\\\/\\\/www.aluminiospvchilario.es\\\/quienes-somos\\\/\",\"name\":\"Qui\u00e9nes Somos | Aluminios y PVC Hilario Toledo\",\"isPartOf\":{\"@id\":\"https:\\\/\\\/www.aluminiospvchilario.es\\\/#website\"},\"primaryImageOfPage\":{\"@id\":\"https:\\\/\\\/www.aluminiospvchilario.es\\\/quienes-somos\\\/#primaryimage\"},\"image\":{\"@id\":\"https:\\\/\\\/www.aluminiospvchilario.es\\\/quienes-somos\\\/#primaryimage\"},\"thumbnailUrl\":\"https:\\\/\\\/www.aluminiospvchilario.es\\\/wp-content\\\/uploads\\\/2025\\\/06\\\/image15.jpeg\",\"datePublished\":\"2025-05-29T17:31:51+00:00\",\"dateModified\":\"2026-02-18T19:58:35+00:00\",\"description\":\"Descubra la historia de Aluminios y PVC Hilario, empresa familiar con m\u00e1s de 36 a\u00f1os de experiencia en carpinter\u00eda de aluminio y PVC. Fabricamos e instalamos ventanas, puertas y cerramientos a medida desde Toledo para toda Espa\u00f1a, con calidad, cercan\u00eda y m\u00e1xima profesionalidad.\",\"breadcrumb\":{\"@id\":\"https:\\\/\\\/www.aluminiospvchilario.es\\\/quienes-somos\\\/#breadcrumb\"},\"inLanguage\":\"en-US\",\"potentialAction\":[{\"@type\":\"ReadAction\",\"target\":[\"https:\\\/\\\/www.aluminiospvchilario.es\\\/quienes-somos\\\/\"]}]},{\"@type\":\"ImageObject\",\"inLanguage\":\"en-US\",\"@id\":\"https:\\\/\\\/www.aluminiospvchilario.es\\\/quienes-somos\\\/#primaryimage\",\"url\":\"https:\\\/\\\/www.aluminiospvchilario.es\\\/wp-content\\\/uploads\\\/2025\\\/06\\\/image15.jpeg\",\"contentUrl\":\"https:\\\/\\\/www.aluminiospvchilario.es\\\/wp-content\\\/uploads\\\/2025\\\/06\\\/image15.jpeg\"},{\"@type\":\"BreadcrumbList\",\"@id\":\"https:\\\/\\\/www.aluminiospvchilario.es\\\/quienes-somos\\\/#breadcrumb\",\"itemListElement\":[{\"@type\":\"ListItem\",\"position\":1,\"name\":\"Portada\",\"item\":\"https:\\\/\\\/www.aluminiospvchilario.es\\\/\"},{\"@type\":\"ListItem\",\"position\":2,\"name\":\"Qui\u00e9nes Somos\"}]},{\"@type\":\"WebSite\",\"@id\":\"https:\\\/\\\/www.aluminiospvchilario.es\\\/#website\",\"url\":\"https:\\\/\\\/www.aluminiospvchilario.es\\\/\",\"name\":\"Aluminios y PVC Hilario\",\"description\":\"\",\"publisher\":{\"@id\":\"https:\\\/\\\/www.aluminiospvchilario.es\\\/#organization\"},\"potentialAction\":[{\"@type\":\"SearchAction\",\"target\":{\"@type\":\"EntryPoint\",\"urlTemplate\":\"https:\\\/\\\/www.aluminiospvchilario.es\\\/?s={search_term_string}\"},\"query-input\":{\"@type\":\"PropertyValueSpecification\",\"valueRequired\":true,\"valueName\":\"search_term_string\"}}],\"inLanguage\":\"en-US\"},{\"@type\":\"Organization\",\"@id\":\"https:\\\/\\\/www.aluminiospvchilario.es\\\/#organization\",\"name\":\"Aluminios y PVC Hilario\",\"url\":\"https:\\\/\\\/www.aluminiospvchilario.es\\\/\",\"logo\":{\"@type\":\"ImageObject\",\"inLanguage\":\"en-US\",\"@id\":\"https:\\\/\\\/www.aluminiospvchilario.es\\\/#\\\/schema\\\/logo\\\/image\\\/\",\"url\":\"https:\\\/\\\/www.aluminiospvchilario.es\\\/wp-content\\\/uploads\\\/2025\\\/05\\\/logo_flat.png\",\"contentUrl\":\"https:\\\/\\\/www.aluminiospvchilario.es\\\/wp-content\\\/uploads\\\/2025\\\/05\\\/logo_flat.png\",\"width\":1080,\"height\":450,\"caption\":\"Aluminios y PVC Hilario\"},\"image\":{\"@id\":\"https:\\\/\\\/www.aluminiospvchilario.es\\\/#\\\/schema\\\/logo\\\/image\\\/\"}}]}<\/script>\n<!-- \/ Yoast SEO plugin. -->","yoast_head_json":{"title":"Qui\u00e9nes Somos | Aluminios y PVC Hilario Toledo","description":"Descubra la historia de Aluminios y PVC Hilario, empresa familiar con m\u00e1s de 36 a\u00f1os de experiencia en carpinter\u00eda de aluminio y PVC. Fabricamos e instalamos ventanas, puertas y cerramientos a medida desde Toledo para toda Espa\u00f1a, con calidad, cercan\u00eda y m\u00e1xima profesionalidad.","robots":{"index":"index","follow":"follow","max-snippet":"max-snippet:-1","max-image-preview":"max-image-preview:large","max-video-preview":"max-video-preview:-1"},"canonical":"https:\/\/www.aluminiospvchilario.es\/en\/quienes-somos\/","og_locale":"en_US","og_type":"article","og_title":"[:es]Qui\u00e9nes Somos | Aluminios y PVC Hilario Toledo[:]","og_description":"[:es]Descubra la historia de Aluminios y PVC Hilario, empresa familiar con m\u00e1s de 36 a\u00f1os de experiencia en carpinter\u00eda de aluminio y PVC. Fabricamos e instalamos ventanas, puertas y cerramientos a medida desde Toledo para toda Espa\u00f1a, con calidad, cercan\u00eda y m\u00e1xima profesionalidad.[:]","og_url":"https:\/\/www.aluminiospvchilario.es\/en\/quienes-somos\/","og_site_name":"Aluminios y PVC Hilario","article_modified_time":"2026-02-18T19:58:35+00:00","og_image":[{"width":900,"height":450,"url":"https:\/\/www.aluminiospvchilario.es\/wp-content\/uploads\/2025\/06\/image15.jpeg","type":"image\/jpeg"}],"twitter_card":"summary_large_image","twitter_misc":{"Est. reading time":"2 minutes"},"schema":{"@context":"https:\/\/schema.org","@graph":[{"@type":"WebPage","@id":"https:\/\/www.aluminiospvchilario.es\/quienes-somos\/","url":"https:\/\/www.aluminiospvchilario.es\/quienes-somos\/","name":"Qui\u00e9nes Somos | Aluminios y PVC Hilario Toledo","isPartOf":{"@id":"https:\/\/www.aluminiospvchilario.es\/#website"},"primaryImageOfPage":{"@id":"https:\/\/www.aluminiospvchilario.es\/quienes-somos\/#primaryimage"},"image":{"@id":"https:\/\/www.aluminiospvchilario.es\/quienes-somos\/#primaryimage"},"thumbnailUrl":"https:\/\/www.aluminiospvchilario.es\/wp-content\/uploads\/2025\/06\/image15.jpeg","datePublished":"2025-05-29T17:31:51+00:00","dateModified":"2026-02-18T19:58:35+00:00","description":"Descubra la historia de Aluminios y PVC Hilario, empresa familiar con m\u00e1s de 36 a\u00f1os de experiencia en carpinter\u00eda de aluminio y PVC. Fabricamos e instalamos ventanas, puertas y cerramientos a medida desde Toledo para toda Espa\u00f1a, con calidad, cercan\u00eda y m\u00e1xima profesionalidad.","breadcrumb":{"@id":"https:\/\/www.aluminiospvchilario.es\/quienes-somos\/#breadcrumb"},"inLanguage":"en-US","potentialAction":[{"@type":"ReadAction","target":["https:\/\/www.aluminiospvchilario.es\/quienes-somos\/"]}]},{"@type":"ImageObject","inLanguage":"en-US","@id":"https:\/\/www.aluminiospvchilario.es\/quienes-somos\/#primaryimage","url":"https:\/\/www.aluminiospvchilario.es\/wp-content\/uploads\/2025\/06\/image15.jpeg","contentUrl":"https:\/\/www.aluminiospvchilario.es\/wp-content\/uploads\/2025\/06\/image15.jpeg"},{"@type":"BreadcrumbList","@id":"https:\/\/www.aluminiospvchilario.es\/quienes-somos\/#breadcrumb","itemListElement":[{"@type":"ListItem","position":1,"name":"Portada","item":"https:\/\/www.aluminiospvchilario.es\/"},{"@type":"ListItem","position":2,"name":"Qui\u00e9nes Somos"}]},{"@type":"WebSite","@id":"https:\/\/www.aluminiospvchilario.es\/#website","url":"https:\/\/www.aluminiospvchilario.es\/","name":"Aluminios y PVC Hilario","description":"","publisher":{"@id":"https:\/\/www.aluminiospvchilario.es\/#organization"},"potentialAction":[{"@type":"SearchAction","target":{"@type":"EntryPoint","urlTemplate":"https:\/\/www.aluminiospvchilario.es\/?s={search_term_string}"},"query-input":{"@type":"PropertyValueSpecification","valueRequired":true,"valueName":"search_term_string"}}],"inLanguage":"en-US"},{"@type":"Organization","@id":"https:\/\/www.aluminiospvchilario.es\/#organization","name":"Aluminios y PVC Hilario","url":"https:\/\/www.aluminiospvchilario.es\/","logo":{"@type":"ImageObject","inLanguage":"en-US","@id":"https:\/\/www.aluminiospvchilario.es\/#\/schema\/logo\/image\/","url":"https:\/\/www.aluminiospvchilario.es\/wp-content\/uploads\/2025\/05\/logo_flat.png","contentUrl":"https:\/\/www.aluminiospvchilario.es\/wp-content\/uploads\/2025\/05\/logo_flat.png","width":1080,"height":450,"caption":"Aluminios y PVC Hilario"},"image":{"@id":"https:\/\/www.aluminiospvchilario.es\/#\/schema\/logo\/image\/"}}]}},"_links":{"self":[{"href":"https:\/\/www.aluminiospvchilario.es\/en\/wp-json\/wp\/v2\/pages\/26","targetHints":{"allow":["GET"]}}],"collection":[{"href":"https:\/\/www.aluminiospvchilario.es\/en\/wp-json\/wp\/v2\/pages"}],"about":[{"href":"https:\/\/www.aluminiospvchilario.es\/en\/wp-json\/wp\/v2\/types\/page"}],"author":[{"embeddable":true,"href":"https:\/\/www.aluminiospvchilario.es\/en\/wp-json\/wp\/v2\/users\/1"}],"replies":[{"embeddable":true,"href":"https:\/\/www.aluminiospvchilario.es\/en\/wp-json\/wp\/v2\/comments?post=26"}],"version-history":[{"count":34,"href":"https:\/\/www.aluminiospvchilario.es\/en\/wp-json\/wp\/v2\/pages\/26\/revisions"}],"predecessor-version":[{"id":449,"href":"https:\/\/www.aluminiospvchilario.es\/en\/wp-json\/wp\/v2\/pages\/26\/revisions\/449"}],"wp:attachment":[{"href":"https:\/\/www.aluminiospvchilario.es\/en\/wp-json\/wp\/v2\/media?parent=26"}],"curies":[{"name":"wp","href":"https:\/\/api.w.org\/{rel}","templated":true}]}}